{"id":1086,"date":"2023-12-26T00:42:49","date_gmt":"2023-12-26T00:42:49","guid":{"rendered":"https:\/\/machabyouthproject.org\/DE\/?page_id=1086"},"modified":"2024-04-27T01:21:34","modified_gmt":"2024-04-27T01:21:34","slug":"safeguarding-and-do-no-harm-policies","status":"publish","type":"page","link":"https:\/\/machabyouthproject.org\/DE\/safeguarding-and-do-no-harm-policies\/","title":{"rendered":"Safeguarding and Do No Harm Policies"},"content":{"rendered":"\t\t<div data-elementor-type=\"wp-page\" data-elementor-id=\"1086\" class=\"elementor elementor-1086\" data-elementor-post-type=\"page\">\n\t\t\t\t<div class=\"elementor-element elementor-element-749dbd6 e-con-full e-flex e-con e-parent\" data-id=\"749dbd6\" data-element_type=\"container\" data-e-type=\"container\" data-settings=\"{&quot;background_background&quot;:&quot;classic&quot;,&quot;shape_divider_bottom&quot;:&quot;opacity-fan&quot;}\">\n\t\t\t\t<div class=\"elementor-shape elementor-shape-bottom\" aria-hidden=\"true\" data-negative=\"false\">\n\t\t\t<svg xmlns=\"http:\/\/www.w3.org\/2000\/svg\" viewBox=\"0 0 283.5 19.6\" preserveAspectRatio=\"none\">\n\t<path class=\"elementor-shape-fill\" style=\"opacity:0.33\" d=\"M0 0L0 18.8 141.8 4.1 283.5 18.8 283.5 0z\"\/>\n\t<path class=\"elementor-shape-fill\" style=\"opacity:0.33\" d=\"M0 0L0 12.6 141.8 4 283.5 12.6 283.5 0z\"\/>\n\t<path class=\"elementor-shape-fill\" style=\"opacity:0.33\" d=\"M0 0L0 6.4 141.8 4 283.5 6.4 283.5 0z\"\/>\n\t<path class=\"elementor-shape-fill\" d=\"M0 0L0 1.2 141.8 4 283.5 1.2 283.5 0z\"\/>\n<\/svg>\t\t<\/div>\n\t\t\t\t<div class=\"elementor-element elementor-element-5945bfa animated-slow elementor-invisible elementor-widget elementor-widget-heading\" data-id=\"5945bfa\" data-element_type=\"widget\" data-e-type=\"widget\" data-settings=\"{&quot;_animation&quot;:&quot;fadeInUp&quot;}\" data-widget_type=\"heading.default\">\n\t\t\t\t<div class=\"elementor-widget-container\">\n\t\t\t\t\t<h2 class=\"elementor-heading-title elementor-size-default\">Schutz- und Do-No-Harm-Richtlinien<\/h2>\t\t\t\t<\/div>\n\t\t\t\t<\/div>\n\t\t\t\t<\/div>\n\t\t<div class=\"elementor-element elementor-element-d858a2e e-flex e-con-boxed e-con e-parent\" data-id=\"d858a2e\" data-element_type=\"container\" data-e-type=\"container\" data-settings=\"{&quot;background_background&quot;:&quot;classic&quot;}\">\n\t\t\t\t\t<div class=\"e-con-inner\">\n\t\t\t\t<div class=\"elementor-element elementor-element-f605c6c elementor-widget elementor-widget-text-editor\" data-id=\"f605c6c\" data-element_type=\"widget\" data-e-type=\"widget\" data-widget_type=\"text-editor.default\">\n\t\t\t\t<div class=\"elementor-widget-container\">\n\t\t\t\t\t\t\t\t\t<p>Beim Machab Youth Project sind die Sicherheit und das Wohlergehen der jungen Menschen, denen wir dienen, von gr\u00f6\u00dfter Bedeutung. Wir sind bestrebt, ein Umfeld zu schaffen, das Vertrauen, Respekt und Schutz f\u00fcr alle Beg\u00fcnstigten, Mitarbeiter, Freiwilligen und Interessengruppen f\u00f6rdert. Um diese Grunds\u00e4tze aufrechtzuerhalten, haben wir strenge Schutz- und Do-No-Harm-Richtlinien implementiert, die unsere Abl\u00e4ufe und Interaktionen leiten.<\/p><p>Schutzrichtlinie: Wir setzen uns daf\u00fcr ein, Kinder, junge Erwachsene und schutzbed\u00fcrftige Personen vor allen Formen von Schaden, Missbrauch, Ausbeutung und Vernachl\u00e4ssigung zu sch\u00fctzen. Unsere Sicherheitsrichtlinie beschreibt strenge Verfahren zur Vorbeugung und Reaktion auf Sicherheitsbedenken, die innerhalb unserer Organisation oder in den Gemeinden, denen wir dienen, auftreten k\u00f6nnen. Diese Richtlinie stellt sicher, dass alle Mitarbeiter, Freiwilligen und Partner sich ihrer Rolle und Verantwortung beim Schutz der Rechte und der W\u00fcrde der Jugendlichen, mit denen wir zusammenarbeiten, bewusst sind.<br \/>Do No Harm-Richtlinie: Unsere Do No Harm-Richtlinie verk\u00f6rpert unsere Verpflichtung, Interventionen durchzuf\u00fchren, die Einzelpersonen oder Gemeinschaften nicht versehentlich Schaden zuf\u00fcgen. Wir sind bestrebt, m\u00f6gliche negative Folgen unserer Programme im Auge zu behalten und mit Beg\u00fcnstigten und Interessenvertretern zusammenzuarbeiten, um unbeabsichtigte negative Auswirkungen abzumildern. Diese Richtlinie betont die Bedeutung einer ethischen Haltung<br \/>und einf\u00fchlsamer Entwicklungsansatz mit Schwerpunkt auf nachhaltigen, integrativen und gemeinschaftsorientierten L\u00f6sungen.<\/p><p>Verhaltenskodex: Um unserem Engagement f\u00fcr den Schutz und die Gew\u00e4hrleistung einer sicheren Umgebung gerecht zu werden, haben wir einen umfassenden Verhaltenskodex f\u00fcr alle Mitglieder der Machab Youth Project-Community erstellt. Dieser Kodex beschreibt erwartete Verhaltensweisen, ethische Standards und das Verbot jeglicher Form von Bel\u00e4stigung, Diskriminierung oder Missbrauch. Wir f\u00f6rdern eine offene und unterst\u00fctzende Atmosph\u00e4re, in der sich jeder wohl f\u00fchlt und etwaige Bedenken \u00e4u\u00dfern kann.<br \/>Schulung und Kapazit\u00e4tsaufbau: Wir investieren in regelm\u00e4\u00dfige Schulungen und Kapazit\u00e4tsaufbau f\u00fcr unsere Mitarbeiter, Freiwilligen und Partner, um sicherzustellen, dass sie \u00fcber die erforderlichen Kenntnisse und F\u00e4higkeiten verf\u00fcgen, um die Safeguarding- und Do No Harm-Richtlinien effektiv umzusetzen. Diese Schulung umfasst das Erkennen von Anzeichen von Missbrauch, das Verst\u00e4ndnis von Machtdynamiken und die F\u00f6rderung einer Kultur des Respekts und der W\u00fcrde.<\/p>\t\t\t\t\t\t\t\t<\/div>\n\t\t\t\t<\/div>\n\t\t\t\t\t<\/div>\n\t\t\t\t<\/div>\n\t\t\t\t<\/div>\n\t\t","protected":false},"excerpt":{"rendered":"<p>Schutz- und Do-No-Harm-Richtlinien Beim Machab Youth Project sind die Sicherheit und das Wohlergehen der jungen Menschen, denen wir dienen, von gr\u00f6\u00dfter Bedeutung. Wir sind bestrebt, ein Umfeld zu schaffen, das Vertrauen, Respekt und Schutz f\u00fcr alle Beg\u00fcnstigten, Mitarbeiter, Freiwilligen und Interessengruppen f\u00f6rdert. Um diese Grunds\u00e4tze aufrechtzuerhalten, haben wir strenge Schutz- und Do-No-Harm-Richtlinien implementiert, die unsere [&hellip;]<\/p>\n","protected":false},"author":1,"featured_media":0,"parent":0,"menu_order":0,"comment_status":"closed","ping_status":"closed","template":"","meta":{"footnotes":""},"class_list":["post-1086","page","type-page","status-publish","hentry"],"_links":{"self":[{"href":"https:\/\/machabyouthproject.org\/DE\/wp-json\/wp\/v2\/pages\/1086","targetHints":{"allow":["GET"]}}],"collection":[{"href":"https:\/\/machabyouthproject.org\/DE\/wp-json\/wp\/v2\/pages"}],"about":[{"href":"https:\/\/machabyouthproject.org\/DE\/wp-json\/wp\/v2\/types\/page"}],"author":[{"embeddable":true,"href":"https:\/\/machabyouthproject.org\/DE\/wp-json\/wp\/v2\/users\/1"}],"replies":[{"embeddable":true,"href":"https:\/\/machabyouthproject.org\/DE\/wp-json\/wp\/v2\/comments?post=1086"}],"version-history":[{"count":28,"href":"https:\/\/machabyouthproject.org\/DE\/wp-json\/wp\/v2\/pages\/1086\/revisions"}],"predecessor-version":[{"id":1776,"href":"https:\/\/machabyouthproject.org\/DE\/wp-json\/wp\/v2\/pages\/1086\/revisions\/1776"}],"wp:attachment":[{"href":"https:\/\/machabyouthproject.org\/DE\/wp-json\/wp\/v2\/media?parent=1086"}],"curies":[{"name":"wp","href":"https:\/\/api.w.org\/{rel}","templated":true}]}}