{"id":1170,"date":"2024-01-14T22:55:23","date_gmt":"2024-01-14T22:55:23","guid":{"rendered":"https:\/\/machabyouthproject.org\/DE\/?page_id=1170"},"modified":"2024-04-27T01:20:39","modified_gmt":"2024-04-27T01:20:39","slug":"programmes","status":"publish","type":"page","link":"https:\/\/machabyouthproject.org\/DE\/programmes\/","title":{"rendered":"Programmes"},"content":{"rendered":"\t\t<div data-elementor-type=\"wp-page\" data-elementor-id=\"1170\" class=\"elementor elementor-1170\" data-elementor-post-type=\"page\">\n\t\t\t\t<div class=\"elementor-element elementor-element-27dd5c3 e-con-full e-flex e-con e-parent\" data-id=\"27dd5c3\" data-element_type=\"container\" data-e-type=\"container\" data-settings=\"{&quot;background_background&quot;:&quot;classic&quot;,&quot;shape_divider_bottom&quot;:&quot;opacity-fan&quot;}\">\n\t\t\t\t<div class=\"elementor-shape elementor-shape-bottom\" aria-hidden=\"true\" data-negative=\"false\">\n\t\t\t<svg xmlns=\"http:\/\/www.w3.org\/2000\/svg\" viewBox=\"0 0 283.5 19.6\" preserveAspectRatio=\"none\">\n\t<path class=\"elementor-shape-fill\" style=\"opacity:0.33\" d=\"M0 0L0 18.8 141.8 4.1 283.5 18.8 283.5 0z\"\/>\n\t<path class=\"elementor-shape-fill\" style=\"opacity:0.33\" d=\"M0 0L0 12.6 141.8 4 283.5 12.6 283.5 0z\"\/>\n\t<path class=\"elementor-shape-fill\" style=\"opacity:0.33\" d=\"M0 0L0 6.4 141.8 4 283.5 6.4 283.5 0z\"\/>\n\t<path class=\"elementor-shape-fill\" d=\"M0 0L0 1.2 141.8 4 283.5 1.2 283.5 0z\"\/>\n<\/svg>\t\t<\/div>\n\t\t\t\t<div class=\"elementor-element elementor-element-5051889 animated-slow elementor-invisible elementor-widget elementor-widget-heading\" data-id=\"5051889\" data-element_type=\"widget\" data-e-type=\"widget\" data-settings=\"{&quot;_animation&quot;:&quot;fadeIn&quot;}\" data-widget_type=\"heading.default\">\n\t\t\t\t<div class=\"elementor-widget-container\">\n\t\t\t\t\t<h2 class=\"elementor-heading-title elementor-size-default\">Programme\n<\/h2>\t\t\t\t<\/div>\n\t\t\t\t<\/div>\n\t\t\t\t<div class=\"elementor-element elementor-element-89ad2f5 elementor-icon-list--layout-inline animated-slow elementor-list-item-link-full_width elementor-invisible elementor-widget elementor-widget-icon-list\" data-id=\"89ad2f5\" data-element_type=\"widget\" data-e-type=\"widget\" data-settings=\"{&quot;_animation&quot;:&quot;fadeInUp&quot;}\" data-widget_type=\"icon-list.default\">\n\t\t\t\t<div class=\"elementor-widget-container\">\n\t\t\t\t\t\t\t<ul class=\"elementor-icon-list-items elementor-inline-items\">\n\t\t\t\t\t\t\t<li class=\"elementor-icon-list-item elementor-inline-item\">\n\t\t\t\t\t\t\t\t\t\t\t<span class=\"elementor-icon-list-icon\">\n\t\t\t\t\t\t\t<svg aria-hidden=\"true\" class=\"e-font-icon-svg e-fas-home\" viewBox=\"0 0 576 512\" xmlns=\"http:\/\/www.w3.org\/2000\/svg\"><path d=\"M280.37 148.26L96 300.11V464a16 16 0 0 0 16 16l112.06-.29a16 16 0 0 0 15.92-16V368a16 16 0 0 1 16-16h64a16 16 0 0 1 16 16v95.64a16 16 0 0 0 16 16.05L464 480a16 16 0 0 0 16-16V300L295.67 148.26a12.19 12.19 0 0 0-15.3 0zM571.6 251.47L488 182.56V44.05a12 12 0 0 0-12-12h-56a12 12 0 0 0-12 12v72.61L318.47 43a48 48 0 0 0-61 0L4.34 251.47a12 12 0 0 0-1.6 16.9l25.5 31A12 12 0 0 0 45.15 301l235.22-193.74a12.19 12.19 0 0 1 15.3 0L530.9 301a12 12 0 0 0 16.9-1.6l25.5-31a12 12 0 0 0-1.7-16.93z\"><\/path><\/svg>\t\t\t\t\t\t<\/span>\n\t\t\t\t\t\t\t\t\t\t<span class=\"elementor-icon-list-text\">Heim<\/span>\n\t\t\t\t\t\t\t\t\t<\/li>\n\t\t\t\t\t\t\t\t<li class=\"elementor-icon-list-item elementor-inline-item\">\n\t\t\t\t\t\t\t\t\t\t<span class=\"elementor-icon-list-text\">|<\/span>\n\t\t\t\t\t\t\t\t\t<\/li>\n\t\t\t\t\t\t\t\t<li class=\"elementor-icon-list-item elementor-inline-item\">\n\t\t\t\t\t\t\t\t\t\t<span class=\"elementor-icon-list-text\">Unsere Programme<\/span>\n\t\t\t\t\t\t\t\t\t<\/li>\n\t\t\t\t\t\t<\/ul>\n\t\t\t\t\t\t<\/div>\n\t\t\t\t<\/div>\n\t\t\t\t<\/div>\n\t\t<div class=\"elementor-element elementor-element-bb6c786 e-con-full e-flex e-con e-parent\" data-id=\"bb6c786\" data-element_type=\"container\" data-e-type=\"container\" data-settings=\"{&quot;background_background&quot;:&quot;classic&quot;}\">\n\t\t<div class=\"elementor-element elementor-element-3fda6d8 e-con-full animated-slow e-flex elementor-invisible e-con e-child\" data-id=\"3fda6d8\" data-element_type=\"container\" data-e-type=\"container\" data-settings=\"{&quot;background_background&quot;:&quot;classic&quot;,&quot;animation&quot;:&quot;fadeInLeft&quot;,&quot;animation_mobile&quot;:&quot;fadeInUp&quot;}\">\n\t\t\t\t<div class=\"elementor-element elementor-element-d62bda9 elementor-widget elementor-widget-image\" data-id=\"d62bda9\" data-element_type=\"widget\" data-e-type=\"widget\" data-widget_type=\"image.default\">\n\t\t\t\t<div class=\"elementor-widget-container\">\n\t\t\t\t\t\t\t\t\t\t\t\t\t\t\t<img fetchpriority=\"high\" decoding=\"async\" width=\"1080\" height=\"720\" src=\"https:\/\/machabyouthproject.org\/DE\/wp-content\/uploads\/2024\/01\/p2.jpg\" class=\"attachment-full size-full wp-image-1218\" alt=\"\" srcset=\"https:\/\/machabyouthproject.org\/DE\/wp-content\/uploads\/2024\/01\/p2.jpg 1080w, https:\/\/machabyouthproject.org\/DE\/wp-content\/uploads\/2024\/01\/p2-300x200.jpg 300w, https:\/\/machabyouthproject.org\/DE\/wp-content\/uploads\/2024\/01\/p2-1024x683.jpg 1024w, https:\/\/machabyouthproject.org\/DE\/wp-content\/uploads\/2024\/01\/p2-768x512.jpg 768w\" sizes=\"(max-width: 1080px) 100vw, 1080px\" \/>\t\t\t\t\t\t\t\t\t\t\t\t\t\t\t<\/div>\n\t\t\t\t<\/div>\n\t\t\t\t<\/div>\n\t\t<div class=\"elementor-element elementor-element-57d248d e-con-full animated-slow e-flex elementor-invisible e-con e-child\" data-id=\"57d248d\" data-element_type=\"container\" data-e-type=\"container\" data-settings=\"{&quot;animation&quot;:&quot;fadeInRight&quot;,&quot;animation_mobile&quot;:&quot;fadeInUp&quot;}\">\n\t\t\t\t<div class=\"elementor-element elementor-element-3371e28 elementor-widget elementor-widget-heading\" data-id=\"3371e28\" data-element_type=\"widget\" data-e-type=\"widget\" data-widget_type=\"heading.default\">\n\t\t\t\t<div class=\"elementor-widget-container\">\n\t\t\t\t\t<h2 class=\"elementor-heading-title elementor-size-default\">Aktive Programme\n<\/h2>\t\t\t\t<\/div>\n\t\t\t\t<\/div>\n\t\t\t\t<div class=\"elementor-element elementor-element-621a56e elementor-widget elementor-widget-text-editor\" data-id=\"621a56e\" data-element_type=\"widget\" data-e-type=\"widget\" data-widget_type=\"text-editor.default\">\n\t\t\t\t<div class=\"elementor-widget-container\">\n\t\t\t\t\t\t\t\t\t<p>Projekt der Jugendinitiative<br \/>Das vom Machab Youth Project geleitete Projekt \u201eJugendinitiative\u201c ist ein katalytisches Unterfangen, das darauf abzielt, das Potenzial der Jugend in den Bezirken Builsa Nord und Builsa S\u00fcd zu nutzen. Es ist darauf zugeschnitten, von Jugendlichen geleitete Initiativen zu identifizieren, zu unterst\u00fctzen und zu f\u00f6rdern, die sich mit kritischen Problemen befassen, und stellt eine zentrale Br\u00fccke dar, die junge, innovative K\u00f6pfe mit den Ressourcen, der Betreuung und den Plattformen verbindet, die sie ben\u00f6tigen, um L\u00f6sungen f\u00fcr die vorherrschenden lokalen Herausforderungen zu initiieren und umzusetzen.<br \/>Im Wesentlichen sucht dieses Projekt aktiv nach Jugendlichen mit einem Funken Innovation, nach Einzelpersonen oder Gruppen, die nicht nur bestimmte Probleme erkannt haben, sondern auch \u00fcber neue Ideen zur Bew\u00e4ltigung dieser Herausforderungen verf\u00fcgen. Durch die Zusammenarbeit mit diesen motivierten jungen F\u00fchrungskr\u00e4ften m\u00f6chte das Projekt ihnen eine solide Grundlage f\u00fcr die Umsetzung ihrer Ideen in konkrete Projekte bieten, die einen positiven Einfluss auf die Gemeinschaft haben.<\/p>\t\t\t\t\t\t\t\t<\/div>\n\t\t\t\t<\/div>\n\t\t\t\t<\/div>\n\t\t\t\t<\/div>\n\t\t<div class=\"elementor-element elementor-element-ba8c363 e-con-full e-flex e-con e-parent\" data-id=\"ba8c363\" data-element_type=\"container\" data-e-type=\"container\" data-settings=\"{&quot;background_background&quot;:&quot;classic&quot;}\">\n\t\t<div class=\"elementor-element elementor-element-436e9e4 e-con-full animated-slow e-flex elementor-invisible e-con e-child\" data-id=\"436e9e4\" data-element_type=\"container\" data-e-type=\"container\" data-settings=\"{&quot;animation&quot;:&quot;fadeInLeft&quot;,&quot;animation_mobile&quot;:&quot;fadeInUp&quot;}\">\n\t\t\t\t<div class=\"elementor-element elementor-element-4158fbf elementor-widget elementor-widget-heading\" data-id=\"4158fbf\" data-element_type=\"widget\" data-e-type=\"widget\" data-widget_type=\"heading.default\">\n\t\t\t\t<div class=\"elementor-widget-container\">\n\t\t\t\t\t<h2 class=\"elementor-heading-title elementor-size-default\">Kommende Programme\n<\/h2>\t\t\t\t<\/div>\n\t\t\t\t<\/div>\n\t\t\t\t<div class=\"elementor-element elementor-element-395bb80 elementor-widget elementor-widget-text-editor\" data-id=\"395bb80\" data-element_type=\"widget\" data-e-type=\"widget\" data-widget_type=\"text-editor.default\">\n\t\t\t\t<div class=\"elementor-widget-container\">\n\t\t\t\t\t\t\t\t\t<ul><li>Empowerment Talk Series: Das Projekt der Empowerment Talk Series ist sorgf\u00e4ltig auf das sozio\u00f6konomische Milieu im Norden Ghanas zugeschnitten, insbesondere auf die Builsa-Gemeinden, die mit verschiedenen Herausforderungen konfrontiert sind, darunter eingeschr\u00e4nkter Zugang zu Informationen, wirtschaftlichen M\u00f6glichkeiten und Plattformen f\u00fcr kritischen Diskurs. Diese transformative Initiative zielt darauf ab, die Jugend in den Nord- und S\u00fcdbezirken von Builsa einzubeziehen und zu st\u00e4rken, indem eine Reihe interaktiver Sitzungen zu wichtigen Themen angeboten werden, die auf die vielf\u00e4ltigen Herausforderungen der Jugend ausgerichtet sind.<br \/>Unsere Empowerment-Talkreihe wird die Jugend mit wichtigem Wissen und Informationen ausstatten und so eine fundierte Entscheidungsfindung und gesellschaftliches Engagement f\u00f6rdern. Ziel ist es, kritische Probleme anzugehen, indem durch offene Dialoge mit Experten aus verschiedenen Bereichen ein f\u00f6rderliches Umfeld f\u00fcr Lernen, Engagement und St\u00e4rkung geschaffen wird.<\/li><li>Fulbe-Integration<\/li><li>W\u00e4hlen Sie Ghana<\/li><li>Fr\u00fchwarnzeichen f\u00fcr Extremismus<\/li><\/ul>\t\t\t\t\t\t\t\t<\/div>\n\t\t\t\t<\/div>\n\t\t\t\t<\/div>\n\t\t<div class=\"elementor-element elementor-element-112df49 e-con-full animated-slow e-flex elementor-invisible e-con e-child\" data-id=\"112df49\" data-element_type=\"container\" data-e-type=\"container\" data-settings=\"{&quot;background_background&quot;:&quot;classic&quot;,&quot;animation&quot;:&quot;fadeInRight&quot;,&quot;animation_mobile&quot;:&quot;fadeInUp&quot;}\">\n\t\t\t\t<div class=\"elementor-element elementor-element-d202ced elementor-widget elementor-widget-image\" data-id=\"d202ced\" data-element_type=\"widget\" data-e-type=\"widget\" data-widget_type=\"image.default\">\n\t\t\t\t<div class=\"elementor-widget-container\">\n\t\t\t\t\t\t\t\t\t\t\t\t\t\t\t<img decoding=\"async\" width=\"1080\" height=\"720\" src=\"https:\/\/machabyouthproject.org\/DE\/wp-content\/uploads\/2024\/01\/p1.jpg\" class=\"attachment-full size-full wp-image-1208\" alt=\"\" srcset=\"https:\/\/machabyouthproject.org\/DE\/wp-content\/uploads\/2024\/01\/p1.jpg 1080w, https:\/\/machabyouthproject.org\/DE\/wp-content\/uploads\/2024\/01\/p1-300x200.jpg 300w, https:\/\/machabyouthproject.org\/DE\/wp-content\/uploads\/2024\/01\/p1-1024x683.jpg 1024w, https:\/\/machabyouthproject.org\/DE\/wp-content\/uploads\/2024\/01\/p1-768x512.jpg 768w\" sizes=\"(max-width: 1080px) 100vw, 1080px\" \/>\t\t\t\t\t\t\t\t\t\t\t\t\t\t\t<\/div>\n\t\t\t\t<\/div>\n\t\t\t\t<\/div>\n\t\t\t\t<\/div>\n\t\t\t\t<\/div>\n\t\t","protected":false},"excerpt":{"rendered":"<p>Programme Heim | Unsere Programme Aktive Programme Projekt der JugendinitiativeDas vom Machab Youth Project geleitete Projekt \u201eJugendinitiative\u201c ist ein katalytisches Unterfangen, das darauf abzielt, das Potenzial der Jugend in den Bezirken Builsa Nord und Builsa S\u00fcd zu nutzen. Es ist darauf zugeschnitten, von Jugendlichen geleitete Initiativen zu identifizieren, zu unterst\u00fctzen und zu f\u00f6rdern, die sich [&hellip;]<\/p>\n","protected":false},"author":1,"featured_media":0,"parent":0,"menu_order":0,"comment_status":"closed","ping_status":"closed","template":"","meta":{"footnotes":""},"class_list":["post-1170","page","type-page","status-publish","hentry"],"_links":{"self":[{"href":"https:\/\/machabyouthproject.org\/DE\/wp-json\/wp\/v2\/pages\/1170","targetHints":{"allow":["GET"]}}],"collection":[{"href":"https:\/\/machabyouthproject.org\/DE\/wp-json\/wp\/v2\/pages"}],"about":[{"href":"https:\/\/machabyouthproject.org\/DE\/wp-json\/wp\/v2\/types\/page"}],"author":[{"embeddable":true,"href":"https:\/\/machabyouthproject.org\/DE\/wp-json\/wp\/v2\/users\/1"}],"replies":[{"embeddable":true,"href":"https:\/\/machabyouthproject.org\/DE\/wp-json\/wp\/v2\/comments?post=1170"}],"version-history":[{"count":52,"href":"https:\/\/machabyouthproject.org\/DE\/wp-json\/wp\/v2\/pages\/1170\/revisions"}],"predecessor-version":[{"id":1773,"href":"https:\/\/machabyouthproject.org\/DE\/wp-json\/wp\/v2\/pages\/1170\/revisions\/1773"}],"wp:attachment":[{"href":"https:\/\/machabyouthproject.org\/DE\/wp-json\/wp\/v2\/media?parent=1170"}],"curies":[{"name":"wp","href":"https:\/\/api.w.org\/{rel}","templated":true}]}}