{"id":36,"date":"2023-11-20T17:38:22","date_gmt":"2023-11-20T17:38:22","guid":{"rendered":"https:\/\/machabyouthproject.org\/DE\/?page_id=36"},"modified":"2024-04-27T01:22:28","modified_gmt":"2024-04-27T01:22:28","slug":"testimonials-success-stories","status":"publish","type":"page","link":"https:\/\/machabyouthproject.org\/DE\/testimonials-success-stories\/","title":{"rendered":"Testimonials\/Success Stories"},"content":{"rendered":"\t\t<div data-elementor-type=\"wp-page\" data-elementor-id=\"36\" class=\"elementor elementor-36\" data-elementor-post-type=\"page\">\n\t\t\t\t<div class=\"elementor-element elementor-element-fc8d7c9 e-con-full e-flex e-con e-parent\" data-id=\"fc8d7c9\" data-element_type=\"container\" data-e-type=\"container\" data-settings=\"{&quot;background_background&quot;:&quot;classic&quot;,&quot;shape_divider_bottom&quot;:&quot;opacity-fan&quot;}\">\n\t\t\t\t<div class=\"elementor-shape elementor-shape-bottom\" aria-hidden=\"true\" data-negative=\"false\">\n\t\t\t<svg xmlns=\"http:\/\/www.w3.org\/2000\/svg\" viewBox=\"0 0 283.5 19.6\" preserveAspectRatio=\"none\">\n\t<path class=\"elementor-shape-fill\" style=\"opacity:0.33\" d=\"M0 0L0 18.8 141.8 4.1 283.5 18.8 283.5 0z\"\/>\n\t<path class=\"elementor-shape-fill\" style=\"opacity:0.33\" d=\"M0 0L0 12.6 141.8 4 283.5 12.6 283.5 0z\"\/>\n\t<path class=\"elementor-shape-fill\" style=\"opacity:0.33\" d=\"M0 0L0 6.4 141.8 4 283.5 6.4 283.5 0z\"\/>\n\t<path class=\"elementor-shape-fill\" d=\"M0 0L0 1.2 141.8 4 283.5 1.2 283.5 0z\"\/>\n<\/svg>\t\t<\/div>\n\t\t\t\t<div class=\"elementor-element elementor-element-832a988 animated-slow elementor-invisible elementor-widget elementor-widget-heading\" data-id=\"832a988\" data-element_type=\"widget\" data-e-type=\"widget\" data-settings=\"{&quot;_animation&quot;:&quot;fadeIn&quot;}\" data-widget_type=\"heading.default\">\n\t\t\t\t<div class=\"elementor-widget-container\">\n\t\t\t\t\t<h2 class=\"elementor-heading-title elementor-size-default\">Die F\u00fchrungskr\u00e4fte von morgen st\u00e4rken\n<\/h2>\t\t\t\t<\/div>\n\t\t\t\t<\/div>\n\t\t\t\t<\/div>\n\t\t<div class=\"elementor-element elementor-element-2c50a86 e-con-full e-flex e-con e-parent\" data-id=\"2c50a86\" data-element_type=\"container\" data-e-type=\"container\" data-settings=\"{&quot;background_background&quot;:&quot;classic&quot;}\">\n\t\t<div class=\"elementor-element elementor-element-279e4d5 e-con-full animated-slow e-flex e-con e-child\" data-id=\"279e4d5\" data-element_type=\"container\" data-e-type=\"container\" data-settings=\"{&quot;background_background&quot;:&quot;classic&quot;,&quot;animation&quot;:&quot;none&quot;,&quot;animation_mobile&quot;:&quot;fadeInUp&quot;,&quot;motion_fx_motion_fx_scrolling&quot;:&quot;yes&quot;,&quot;motion_fx_translateX_effect&quot;:&quot;yes&quot;,&quot;motion_fx_translateX_direction&quot;:&quot;negative&quot;,&quot;motion_fx_translateX_affectedRange&quot;:{&quot;unit&quot;:&quot;%&quot;,&quot;size&quot;:&quot;&quot;,&quot;sizes&quot;:{&quot;start&quot;:0,&quot;end&quot;:50}},&quot;motion_fx_translateX_speed&quot;:{&quot;unit&quot;:&quot;px&quot;,&quot;size&quot;:4,&quot;sizes&quot;:[]},&quot;motion_fx_devices&quot;:[&quot;desktop&quot;,&quot;tablet&quot;,&quot;mobile&quot;]}\">\n\t\t\t\t<div class=\"elementor-element elementor-element-d961f19 elementor-widget elementor-widget-image\" data-id=\"d961f19\" data-element_type=\"widget\" data-e-type=\"widget\" data-widget_type=\"image.default\">\n\t\t\t\t<div class=\"elementor-widget-container\">\n\t\t\t\t\t\t\t\t\t\t\t\t\t\t\t<img fetchpriority=\"high\" decoding=\"async\" width=\"2056\" height=\"2560\" src=\"https:\/\/machabyouthproject.org\/DE\/wp-content\/uploads\/2023\/12\/22-scaled.jpg\" class=\"attachment-full size-full wp-image-1048\" alt=\"\" srcset=\"https:\/\/machabyouthproject.org\/DE\/wp-content\/uploads\/2023\/12\/22-scaled.jpg 2056w, https:\/\/machabyouthproject.org\/DE\/wp-content\/uploads\/2023\/12\/22-241x300.jpg 241w, https:\/\/machabyouthproject.org\/DE\/wp-content\/uploads\/2023\/12\/22-823x1024.jpg 823w, https:\/\/machabyouthproject.org\/DE\/wp-content\/uploads\/2023\/12\/22-768x956.jpg 768w, https:\/\/machabyouthproject.org\/DE\/wp-content\/uploads\/2023\/12\/22-1234x1536.jpg 1234w, https:\/\/machabyouthproject.org\/DE\/wp-content\/uploads\/2023\/12\/22-1645x2048.jpg 1645w\" sizes=\"(max-width: 2056px) 100vw, 2056px\" \/>\t\t\t\t\t\t\t\t\t\t\t\t\t\t\t<\/div>\n\t\t\t\t<\/div>\n\t\t\t\t<\/div>\n\t\t<div class=\"elementor-element elementor-element-981cf1d e-con-full animated-slow e-flex e-con e-child\" data-id=\"981cf1d\" data-element_type=\"container\" data-e-type=\"container\" data-settings=\"{&quot;animation&quot;:&quot;none&quot;,&quot;animation_mobile&quot;:&quot;fadeInUp&quot;,&quot;motion_fx_motion_fx_scrolling&quot;:&quot;yes&quot;,&quot;motion_fx_translateX_effect&quot;:&quot;yes&quot;,&quot;motion_fx_translateX_affectedRange&quot;:{&quot;unit&quot;:&quot;%&quot;,&quot;size&quot;:&quot;&quot;,&quot;sizes&quot;:{&quot;start&quot;:0,&quot;end&quot;:50}},&quot;motion_fx_translateX_speed&quot;:{&quot;unit&quot;:&quot;px&quot;,&quot;size&quot;:4,&quot;sizes&quot;:[]},&quot;motion_fx_devices&quot;:[&quot;desktop&quot;,&quot;tablet&quot;,&quot;mobile&quot;]}\">\n\t\t\t\t<div class=\"elementor-element elementor-element-047f5f8 elementor-widget elementor-widget-heading\" data-id=\"047f5f8\" data-element_type=\"widget\" data-e-type=\"widget\" data-widget_type=\"heading.default\">\n\t\t\t\t<div class=\"elementor-widget-container\">\n\t\t\t\t\t<h2 class=\"elementor-heading-title elementor-size-default\">Haninatu Bawa (Pr\u00e4sidentin \u2013 Smart Young Girls)\n\n<\/h2>\t\t\t\t<\/div>\n\t\t\t\t<\/div>\n\t\t\t\t<div class=\"elementor-element elementor-element-99e8a2c elementor-widget elementor-widget-heading\" data-id=\"99e8a2c\" data-element_type=\"widget\" data-e-type=\"widget\" data-widget_type=\"heading.default\">\n\t\t\t\t<div class=\"elementor-widget-container\">\n\t\t\t\t\t<h2 class=\"elementor-heading-title elementor-size-default\">Die Erfolgsgeschichte eines klugen M\u00e4dchens\n<\/h2>\t\t\t\t<\/div>\n\t\t\t\t<\/div>\n\t\t\t\t<div class=\"elementor-element elementor-element-506e933 elementor-widget elementor-widget-text-editor\" data-id=\"506e933\" data-element_type=\"widget\" data-e-type=\"widget\" data-widget_type=\"text-editor.default\">\n\t\t\t\t<div class=\"elementor-widget-container\">\n\t\t\t\t\t\t\t\t\t<p>\u201eIm Herzen von Builsa, wo es einst kaum M\u00f6glichkeiten f\u00fcr junge M\u00e4dchen gab, entstand ein Hoffnungsschimmer \u2013 das Smart Young Girls Project. Ich, Hani, bin zusammen mit meinem engagierten Team der lebende Beweis f\u00fcr die transformative Wirkung dieser Initiative.<br \/>Das Youth Initiative Project hat uns nicht nur \u00fcber die Gefahren von Kinderheirat, Zwangsheirat und Teenagerschwangerschaften aufgekl\u00e4rt, sondern uns auch eine Plattform zum Erwerb von Wissen und wesentlichen F\u00e4higkeiten geboten. Wir haben unsch\u00e4tzbare Erfahrungen gesammelt, unsere Kapazit\u00e4ten ausgebaut und das Selbstvertrauen entwickelt, das n\u00f6tig ist, um f\u00fcr unsere j\u00fcngeren Schwestern sowohl im Grundschul- als auch im Sekundarbereich einzutreten.<br \/>W\u00e4hrend wir uns weiterhin auf den Weg machen, das volle Potenzial des Smart Girls Project auszusch\u00f6pfen, m\u00f6chte ich dem Machab Youth Project meinen tiefen Dank daf\u00fcr aussprechen, dass es uns, dem Smart Young Girls-Team, dabei unterst\u00fctzt, die lebenswichtige Aufgabe der Sensibilisierung unserer j\u00fcngeren Schwestern zu erf\u00fcllen im Grundbildungszyklus. Wir versprechen, dass wir gemeinsam unerm\u00fcdlich daran arbeiten werden, eine Zukunft zu schaffen, in der das Potenzial jedes M\u00e4dchens gef\u00f6rdert und gefeiert wird. Wir setzen uns daf\u00fcr ein, dass M\u00e4dchen im Builsa-Distrikt ihre Grundausbildung abschlie\u00dfen k\u00f6nnen, ohne dass ihnen das Gespenst einer Kinderheirat, Zwangsheirat oder Teenagerschwangerschaft droht.\u201c<\/p>\t\t\t\t\t\t\t\t<\/div>\n\t\t\t\t<\/div>\n\t\t\t\t<\/div>\n\t\t\t\t<\/div>\n\t\t<div class=\"elementor-element elementor-element-bf7b5f0 e-con-full e-flex e-con e-parent\" data-id=\"bf7b5f0\" data-element_type=\"container\" data-e-type=\"container\" data-settings=\"{&quot;background_background&quot;:&quot;classic&quot;}\">\n\t\t<div class=\"elementor-element elementor-element-5cdf6b2 e-con-full animated-slow e-flex e-con e-child\" data-id=\"5cdf6b2\" data-element_type=\"container\" data-e-type=\"container\" data-settings=\"{&quot;animation&quot;:&quot;none&quot;,&quot;animation_mobile&quot;:&quot;fadeInUp&quot;,&quot;motion_fx_motion_fx_scrolling&quot;:&quot;yes&quot;,&quot;motion_fx_translateX_effect&quot;:&quot;yes&quot;,&quot;motion_fx_translateX_direction&quot;:&quot;negative&quot;,&quot;motion_fx_translateX_affectedRange&quot;:{&quot;unit&quot;:&quot;%&quot;,&quot;size&quot;:&quot;&quot;,&quot;sizes&quot;:{&quot;start&quot;:0,&quot;end&quot;:50}},&quot;motion_fx_translateX_speed&quot;:{&quot;unit&quot;:&quot;px&quot;,&quot;size&quot;:4,&quot;sizes&quot;:[]},&quot;motion_fx_devices&quot;:[&quot;desktop&quot;,&quot;tablet&quot;,&quot;mobile&quot;]}\">\n\t\t\t\t<div class=\"elementor-element elementor-element-1ebfe88 elementor-widget elementor-widget-heading\" data-id=\"1ebfe88\" data-element_type=\"widget\" data-e-type=\"widget\" data-widget_type=\"heading.default\">\n\t\t\t\t<div class=\"elementor-widget-container\">\n\t\t\t\t\t<h2 class=\"elementor-heading-title elementor-size-default\">Pamela Azantilow (Mitglied \u2013 Smart Young Girls)<\/h2>\t\t\t\t<\/div>\n\t\t\t\t<\/div>\n\t\t\t\t<div class=\"elementor-element elementor-element-2d4e294 elementor-widget elementor-widget-heading\" data-id=\"2d4e294\" data-element_type=\"widget\" data-e-type=\"widget\" data-widget_type=\"heading.default\">\n\t\t\t\t<div class=\"elementor-widget-container\">\n\t\t\t\t\t<h2 class=\"elementor-heading-title elementor-size-default\">Beg\u00fcnstigter des Smart Young Girls Project\n<\/h2>\t\t\t\t<\/div>\n\t\t\t\t<\/div>\n\t\t\t\t<div class=\"elementor-element elementor-element-485b11e elementor-widget elementor-widget-text-editor\" data-id=\"485b11e\" data-element_type=\"widget\" data-e-type=\"widget\" data-widget_type=\"text-editor.default\">\n\t\t\t\t<div class=\"elementor-widget-container\">\n\t\t\t\t\t\t\t\t\t<p>\u201eAls ich in Sandema im Nordbezirk Bulsa aufwuchs, wurde ich Zeuge, wie gesellschaftliche Normen oft das Potenzial von M\u00e4dchen einschr\u00e4nkten. Dies best\u00e4rkte meinen Wunsch, mich daf\u00fcr einzusetzen, diese Herausforderungen aus dem Leben meiner j\u00fcngeren Schwestern zu beseitigen. Das war ich schon seit Jahren.\u201c Ich wartete auf eine Gelegenheit und erfuhr dann vom Smart Young Girls Project \u2013 einem echten Lebensver\u00e4nderer.<br \/>Die Teilnahme an diesem Projekt hat meine Sicht auf das Leben erweitert und mir ein Gef\u00fchl der Zugeh\u00f6rigkeit gegeben. Ich glaube voll und ganz an die Vision dieses Projekts. Als stolzes Mitglied der Smart Young Girls freue ich mich gespannt auf unsere w\u00f6chentlichen Treffen und die Chance, an wirkungsvollen Sensibilisierungskampagnen teilzunehmen.<br \/>Mit gro\u00dfer Dankbarkeit und freudigem Herzen stehe ich an der Seite der sieben dynamischen jungen F\u00fchrungskr\u00e4fte, die das Smart Young Girls Project leiten. Gemeinsam danken wir Machab f\u00fcr diesen Einsatz und f\u00fcr die Schaffung einer Schwesternschaft der Erm\u00e4chtigung.\u201c<\/p>\t\t\t\t\t\t\t\t<\/div>\n\t\t\t\t<\/div>\n\t\t\t\t<\/div>\n\t\t<div class=\"elementor-element elementor-element-d1bd5b9 e-con-full animated-slow e-flex e-con e-child\" data-id=\"d1bd5b9\" data-element_type=\"container\" data-e-type=\"container\" data-settings=\"{&quot;background_background&quot;:&quot;classic&quot;,&quot;animation&quot;:&quot;none&quot;,&quot;animation_mobile&quot;:&quot;fadeInUp&quot;,&quot;motion_fx_motion_fx_scrolling&quot;:&quot;yes&quot;,&quot;motion_fx_translateX_effect&quot;:&quot;yes&quot;,&quot;motion_fx_translateX_affectedRange&quot;:{&quot;unit&quot;:&quot;%&quot;,&quot;size&quot;:&quot;&quot;,&quot;sizes&quot;:{&quot;start&quot;:0,&quot;end&quot;:50}},&quot;motion_fx_translateX_speed&quot;:{&quot;unit&quot;:&quot;px&quot;,&quot;size&quot;:4,&quot;sizes&quot;:[]},&quot;motion_fx_devices&quot;:[&quot;desktop&quot;,&quot;tablet&quot;,&quot;mobile&quot;]}\">\n\t\t\t\t<div class=\"elementor-element elementor-element-7d3bf11 elementor-widget elementor-widget-image\" data-id=\"7d3bf11\" data-element_type=\"widget\" data-e-type=\"widget\" data-widget_type=\"image.default\">\n\t\t\t\t<div class=\"elementor-widget-container\">\n\t\t\t\t\t\t\t\t\t\t\t\t\t\t\t<img decoding=\"async\" width=\"2056\" height=\"2560\" src=\"https:\/\/machabyouthproject.org\/DE\/wp-content\/uploads\/2023\/12\/Pamela-Member-Young-Smart-Girls-scaled.jpg\" class=\"attachment-full size-full wp-image-1041\" alt=\"\" srcset=\"https:\/\/machabyouthproject.org\/DE\/wp-content\/uploads\/2023\/12\/Pamela-Member-Young-Smart-Girls-scaled.jpg 2056w, https:\/\/machabyouthproject.org\/DE\/wp-content\/uploads\/2023\/12\/Pamela-Member-Young-Smart-Girls-241x300.jpg 241w, https:\/\/machabyouthproject.org\/DE\/wp-content\/uploads\/2023\/12\/Pamela-Member-Young-Smart-Girls-823x1024.jpg 823w, https:\/\/machabyouthproject.org\/DE\/wp-content\/uploads\/2023\/12\/Pamela-Member-Young-Smart-Girls-768x956.jpg 768w, https:\/\/machabyouthproject.org\/DE\/wp-content\/uploads\/2023\/12\/Pamela-Member-Young-Smart-Girls-1234x1536.jpg 1234w, https:\/\/machabyouthproject.org\/DE\/wp-content\/uploads\/2023\/12\/Pamela-Member-Young-Smart-Girls-1645x2048.jpg 1645w\" sizes=\"(max-width: 2056px) 100vw, 2056px\" \/>\t\t\t\t\t\t\t\t\t\t\t\t\t\t\t<\/div>\n\t\t\t\t<\/div>\n\t\t\t\t<\/div>\n\t\t\t\t<\/div>\n\t\t\t\t<\/div>\n\t\t","protected":false},"excerpt":{"rendered":"<p>Die F\u00fchrungskr\u00e4fte von morgen st\u00e4rken Haninatu Bawa (Pr\u00e4sidentin \u2013 Smart Young Girls) Die Erfolgsgeschichte eines klugen M\u00e4dchens \u201eIm Herzen von Builsa, wo es einst kaum M\u00f6glichkeiten f\u00fcr junge M\u00e4dchen gab, entstand ein Hoffnungsschimmer \u2013 das Smart Young Girls Project. Ich, Hani, bin zusammen mit meinem engagierten Team der lebende Beweis f\u00fcr die transformative Wirkung dieser [&hellip;]<\/p>\n","protected":false},"author":1,"featured_media":0,"parent":0,"menu_order":0,"comment_status":"closed","ping_status":"closed","template":"","meta":{"footnotes":""},"class_list":["post-36","page","type-page","status-publish","hentry"],"_links":{"self":[{"href":"https:\/\/machabyouthproject.org\/DE\/wp-json\/wp\/v2\/pages\/36","targetHints":{"allow":["GET"]}}],"collection":[{"href":"https:\/\/machabyouthproject.org\/DE\/wp-json\/wp\/v2\/pages"}],"about":[{"href":"https:\/\/machabyouthproject.org\/DE\/wp-json\/wp\/v2\/types\/page"}],"author":[{"embeddable":true,"href":"https:\/\/machabyouthproject.org\/DE\/wp-json\/wp\/v2\/users\/1"}],"replies":[{"embeddable":true,"href":"https:\/\/machabyouthproject.org\/DE\/wp-json\/wp\/v2\/comments?post=36"}],"version-history":[{"count":43,"href":"https:\/\/machabyouthproject.org\/DE\/wp-json\/wp\/v2\/pages\/36\/revisions"}],"predecessor-version":[{"id":1779,"href":"https:\/\/machabyouthproject.org\/DE\/wp-json\/wp\/v2\/pages\/36\/revisions\/1779"}],"wp:attachment":[{"href":"https:\/\/machabyouthproject.org\/DE\/wp-json\/wp\/v2\/media?parent=36"}],"curies":[{"name":"wp","href":"https:\/\/api.w.org\/{rel}","templated":true}]}}